{"id":53,"date":"2024-06-01T16:38:04","date_gmt":"2024-06-01T14:38:04","guid":{"rendered":"http:\/\/columbianacaffe.com\/?page_id=53"},"modified":"2024-06-01T23:53:39","modified_gmt":"2024-06-01T21:53:39","slug":"home","status":"publish","type":"page","link":"https:\/\/columbianacaffe.com\/pl\/","title":{"rendered":"Home page"},"content":{"rendered":"<div class=\"wp-block-cover alignfull\" style=\"min-height:490px;aspect-ratio:unset;\"><span aria-hidden=\"true\" class=\"wp-block-cover__background has-background-dim-0 has-background-dim\" style=\"background-color:#442a20\"><\/span><img loading=\"lazy\" decoding=\"async\" width=\"1422\" height=\"800\" class=\"wp-block-cover__image-background wp-image-64\" alt=\"\" src=\"http:\/\/columbianacaffe.com\/wp-content\/uploads\/2024\/06\/bg_coffee-1-rotated.jpg\" data-object-fit=\"cover\" srcset=\"https:\/\/columbianacaffe.com\/wp-content\/uploads\/2024\/06\/bg_coffee-1-rotated.jpg 1422w, https:\/\/columbianacaffe.com\/wp-content\/uploads\/2024\/06\/bg_coffee-1-300x169.jpg 300w, https:\/\/columbianacaffe.com\/wp-content\/uploads\/2024\/06\/bg_coffee-1-1024x576.jpg 1024w, https:\/\/columbianacaffe.com\/wp-content\/uploads\/2024\/06\/bg_coffee-1-768x432.jpg 768w, https:\/\/columbianacaffe.com\/wp-content\/uploads\/2024\/06\/bg_coffee-1-600x338.jpg 600w\" sizes=\"auto, (max-width: 1422px) 100vw, 1422px\" \/><div class=\"wp-block-cover__inner-container is-layout-flow wp-block-cover-is-layout-flow\">\n<p class=\"has-text-align-center has-large-font-size\">Niezapomniane poranki zaczynaj\u0105 si\u0119 od doskona\u0142ej kawy. Odkryj nasze specjalnie wyselekcjonowane ziarna i rozkoszuj si\u0119 chwil\u0105.<\/p>\n<\/div><\/div>\n\n\n\n<div class=\"wp-block-group alignfull has-global-padding is-layout-constrained wp-container-core-group-is-layout-669513ed wp-block-group-is-layout-constrained\" style=\"margin-top:0;margin-bottom:0;padding-top:var(--wp--preset--spacing--50);padding-right:var(--wp--preset--spacing--50);padding-bottom:var(--wp--preset--spacing--50);padding-left:var(--wp--preset--spacing--50)\">\n<div style=\"height:var(--wp--preset--spacing--30)\" aria-hidden=\"true\" class=\"wp-block-spacer\"><\/div>\n\n\n\n<div class=\"wp-block-columns alignwide is-layout-flex wp-container-core-columns-is-layout-4935966c wp-block-columns-is-layout-flex\" style=\"padding-right:0;padding-left:0\">\n<div class=\"wp-block-column is-layout-flow wp-block-column-is-layout-flow\">\n<figure class=\"wp-block-image size-full is-style-rounded wp-duotone-unset-2 is-style-rounded--1\"><img loading=\"lazy\" decoding=\"async\" width=\"500\" height=\"453\" src=\"http:\/\/columbianacaffe.com\/wp-content\/uploads\/2024\/06\/1.png\" alt=\"\" class=\"wp-image-66\" style=\"aspect-ratio:1;object-fit:cover\" srcset=\"https:\/\/columbianacaffe.com\/wp-content\/uploads\/2024\/06\/1.png 500w, https:\/\/columbianacaffe.com\/wp-content\/uploads\/2024\/06\/1-300x272.png 300w\" sizes=\"auto, (max-width: 500px) 100vw, 500px\" \/><\/figure>\n\n\n\n<div class=\"wp-block-group is-vertical is-content-justification-center is-nowrap is-layout-flex wp-container-core-group-is-layout-21d4e958 wp-block-group-is-layout-flex\">\n<p class=\"has-text-align-center has-small-font-size\"><strong>Plantacja<\/strong><\/p>\n\n\n\n<p class=\"has-text-align-center has-small-font-size\">Nasze kawowce rosn\u0105 w idealnych warunkach klimatycznych, kt\u00f3re pomagaj\u0105 ziarnom osi\u0105gn\u0105\u0107 doskona\u0142o\u015b\u0107. S\u0142o\u0144ce, deszcz i gleba - to w\u0142a\u015bnie te elementy tworz\u0105 magi\u0119 naszej kawy.<\/p>\n<\/div>\n<\/div>\n\n\n\n<div class=\"wp-block-column is-layout-flow wp-block-column-is-layout-flow\">\n<figure class=\"wp-block-image size-full is-style-rounded wp-duotone-unset-4 is-style-rounded--3\"><img loading=\"lazy\" decoding=\"async\" width=\"500\" height=\"453\" src=\"http:\/\/columbianacaffe.com\/wp-content\/uploads\/2024\/06\/2.png\" alt=\"\" class=\"wp-image-67\" style=\"aspect-ratio:1;object-fit:cover\" srcset=\"https:\/\/columbianacaffe.com\/wp-content\/uploads\/2024\/06\/2.png 500w, https:\/\/columbianacaffe.com\/wp-content\/uploads\/2024\/06\/2-300x272.png 300w\" sizes=\"auto, (max-width: 500px) 100vw, 500px\" \/><\/figure>\n\n\n\n<div class=\"wp-block-group is-vertical is-content-justification-center is-nowrap is-layout-flex wp-container-core-group-is-layout-63bfd6c1 wp-block-group-is-layout-flex\">\n<p class=\"has-text-align-center has-small-font-size\"><strong>Palenie<\/strong><\/p>\n\n\n\n<p class=\"has-text-align-center has-small-font-size\">To w\u0142a\u015bnie tu, w naszej palarni, ziarna kawy nabieraj\u0105 \u017cycia. Dzi\u0119ki naszemu do\u015bwiadczonemu zespo\u0142owi palaczy ka\u017cdy zapach i smak s\u0105 starannie wydobywane z ka\u017cdego ziarna.<\/p>\n<\/div>\n<\/div>\n\n\n\n<div class=\"wp-block-column is-layout-flow wp-block-column-is-layout-flow\">\n<figure class=\"wp-block-image size-full is-style-rounded wp-duotone-unset-6 is-style-rounded--5\"><img loading=\"lazy\" decoding=\"async\" width=\"500\" height=\"453\" src=\"http:\/\/columbianacaffe.com\/wp-content\/uploads\/2024\/06\/3.png\" alt=\"\" class=\"wp-image-68\" style=\"aspect-ratio:1;object-fit:cover\" srcset=\"https:\/\/columbianacaffe.com\/wp-content\/uploads\/2024\/06\/3.png 500w, https:\/\/columbianacaffe.com\/wp-content\/uploads\/2024\/06\/3-300x272.png 300w\" sizes=\"auto, (max-width: 500px) 100vw, 500px\" \/><\/figure>\n\n\n\n<div class=\"wp-block-group is-vertical is-content-justification-center is-nowrap is-layout-flex wp-container-core-group-is-layout-63bfd6c1 wp-block-group-is-layout-flex\">\n<p class=\"has-text-align-center has-small-font-size\"><strong>Kawa wysokiej klasy<\/strong><\/p>\n\n\n\n<p class=\"has-text-align-center has-small-font-size\">W naszej bogatej ofercie kawowej nie zabraknie r\u00f3wnie\u017c kawy Geisha czy Bourbon kt\u00f3re s\u0105 kwintesencj\u0105 najwy\u017cszej jako\u015bci i niezwyk\u0142ego smaku. Przygotowane z pasj\u0105 i staranno\u015bci\u0105.<\/p>\n<\/div>\n<\/div>\n<\/div>\n<\/div>\n\n\n\n<div class=\"wp-block-cover alignfull\" style=\"min-height:490px;aspect-ratio:unset;\"><span aria-hidden=\"true\" class=\"wp-block-cover__background has-background-dim-0 has-background-dim\" style=\"background-color:#442a20\"><\/span><img loading=\"lazy\" decoding=\"async\" width=\"1422\" height=\"800\" class=\"wp-block-cover__image-background wp-image-64\" alt=\"\" src=\"http:\/\/columbianacaffe.com\/wp-content\/uploads\/2024\/06\/bg_coffee-1-rotated.jpg\" data-object-fit=\"cover\" srcset=\"https:\/\/columbianacaffe.com\/wp-content\/uploads\/2024\/06\/bg_coffee-1-rotated.jpg 1422w, https:\/\/columbianacaffe.com\/wp-content\/uploads\/2024\/06\/bg_coffee-1-300x169.jpg 300w, https:\/\/columbianacaffe.com\/wp-content\/uploads\/2024\/06\/bg_coffee-1-1024x576.jpg 1024w, https:\/\/columbianacaffe.com\/wp-content\/uploads\/2024\/06\/bg_coffee-1-768x432.jpg 768w, https:\/\/columbianacaffe.com\/wp-content\/uploads\/2024\/06\/bg_coffee-1-600x338.jpg 600w\" sizes=\"auto, (max-width: 1422px) 100vw, 1422px\" \/><div class=\"wp-block-cover__inner-container is-layout-flow wp-block-cover-is-layout-flow\">\n<p class=\"has-text-align-center has-large-font-size\">Nasze kawy s\u0105 starannie palone i pakowane,\naby zachowa\u0107 \u015bwie\u017co\u015b\u0107 i pe\u0142ni\u0119 smaku.\nJako\u015b\u0107 to dla nas podstawa.<\/p>\n<\/div><\/div>\n\n\n\n<div class=\"wp-block-group alignfull has-global-padding is-layout-constrained wp-container-core-group-is-layout-669513ed wp-block-group-is-layout-constrained\" style=\"margin-top:0;margin-bottom:0;padding-top:var(--wp--preset--spacing--50);padding-right:var(--wp--preset--spacing--50);padding-bottom:var(--wp--preset--spacing--50);padding-left:var(--wp--preset--spacing--50)\">\n<div style=\"height:var(--wp--preset--spacing--30)\" aria-hidden=\"true\" class=\"wp-block-spacer\"><\/div>\n\n\n\n<div class=\"wp-block-columns alignwide is-layout-flex wp-container-core-columns-is-layout-4935966c wp-block-columns-is-layout-flex\" style=\"padding-right:0;padding-left:0\">\n<div class=\"wp-block-column is-layout-flow wp-block-column-is-layout-flow\" style=\"flex-basis:39%\">\n<figure class=\"wp-block-image size-full is-style-rounded wp-duotone-unset-8 is-style-rounded--7\"><img loading=\"lazy\" decoding=\"async\" width=\"1124\" height=\"1492\" src=\"http:\/\/columbianacaffe.com\/wp-content\/uploads\/2024\/06\/4.png\" alt=\"\" class=\"wp-image-74\" style=\"aspect-ratio:1;object-fit:cover\" srcset=\"https:\/\/columbianacaffe.com\/wp-content\/uploads\/2024\/06\/4.png 1124w, https:\/\/columbianacaffe.com\/wp-content\/uploads\/2024\/06\/4-226x300.png 226w, https:\/\/columbianacaffe.com\/wp-content\/uploads\/2024\/06\/4-771x1024.png 771w, https:\/\/columbianacaffe.com\/wp-content\/uploads\/2024\/06\/4-768x1019.png 768w, https:\/\/columbianacaffe.com\/wp-content\/uploads\/2024\/06\/4-600x796.png 600w\" sizes=\"auto, (max-width: 1124px) 100vw, 1124px\" \/><\/figure>\n<\/div>\n\n\n\n<div class=\"wp-block-column is-layout-flow wp-block-column-is-layout-flow\" style=\"flex-basis:22%\">\n<figure class=\"wp-block-video\"><video height=\"1280\" style=\"aspect-ratio: 720 \/ 1280;\" width=\"720\" controls src=\"http:\/\/columbianacaffe.com\/wp-content\/uploads\/2024\/06\/5.mp4\"><\/video><\/figure>\n<\/div>\n\n\n\n<div class=\"wp-block-column is-layout-flow wp-block-column-is-layout-flow\" style=\"flex-basis:39%\">\n<figure class=\"wp-block-image size-full is-style-rounded wp-duotone-unset-10 is-style-rounded--9\"><img loading=\"lazy\" decoding=\"async\" width=\"1124\" height=\"1492\" src=\"http:\/\/columbianacaffe.com\/wp-content\/uploads\/2024\/06\/6.png\" alt=\"\" class=\"wp-image-76\" style=\"aspect-ratio:1;object-fit:cover\" srcset=\"https:\/\/columbianacaffe.com\/wp-content\/uploads\/2024\/06\/6.png 1124w, https:\/\/columbianacaffe.com\/wp-content\/uploads\/2024\/06\/6-226x300.png 226w, https:\/\/columbianacaffe.com\/wp-content\/uploads\/2024\/06\/6-771x1024.png 771w, https:\/\/columbianacaffe.com\/wp-content\/uploads\/2024\/06\/6-768x1019.png 768w, https:\/\/columbianacaffe.com\/wp-content\/uploads\/2024\/06\/6-600x796.png 600w\" sizes=\"auto, (max-width: 1124px) 100vw, 1124px\" \/><\/figure>\n<\/div>\n<\/div>\n<\/div>","protected":false},"excerpt":{"rendered":"<p>Plantation Our coffee trees grow in ideal climatic conditions that help the beans achieve perfection. Sun, rain, and soil &#8211; these are the elements that create the magic of our coffee. Roasting It is here, in our roastery, that coffee beans come to life. Thanks to our experienced team of roasters, every aroma and flavor [&hellip;]<\/p>","protected":false},"author":1,"featured_media":0,"parent":0,"menu_order":0,"comment_status":"closed","ping_status":"closed","template":"","meta":{"footnotes":""},"class_list":["post-53","page","type-page","status-publish","hentry"],"_links":{"self":[{"href":"https:\/\/columbianacaffe.com\/pl\/wp-json\/wp\/v2\/pages\/53","targetHints":{"allow":["GET"]}}],"collection":[{"href":"https:\/\/columbianacaffe.com\/pl\/wp-json\/wp\/v2\/pages"}],"about":[{"href":"https:\/\/columbianacaffe.com\/pl\/wp-json\/wp\/v2\/types\/page"}],"author":[{"embeddable":true,"href":"https:\/\/columbianacaffe.com\/pl\/wp-json\/wp\/v2\/users\/1"}],"replies":[{"embeddable":true,"href":"https:\/\/columbianacaffe.com\/pl\/wp-json\/wp\/v2\/comments?post=53"}],"version-history":[{"count":12,"href":"https:\/\/columbianacaffe.com\/pl\/wp-json\/wp\/v2\/pages\/53\/revisions"}],"predecessor-version":[{"id":186,"href":"https:\/\/columbianacaffe.com\/pl\/wp-json\/wp\/v2\/pages\/53\/revisions\/186"}],"wp:attachment":[{"href":"https:\/\/columbianacaffe.com\/pl\/wp-json\/wp\/v2\/media?parent=53"}],"curies":[{"name":"wp","href":"https:\/\/api.w.org\/{rel}","templated":true}]}}