{"id":104,"date":"2024-06-01T18:43:28","date_gmt":"2024-06-01T16:43:28","guid":{"rendered":"http:\/\/columbianacaffe.com\/?page_id=104"},"modified":"2024-06-01T21:13:14","modified_gmt":"2024-06-01T19:13:14","slug":"about-us","status":"publish","type":"page","link":"https:\/\/columbianacaffe.com\/pl\/about-us\/","title":{"rendered":"About us"},"content":{"rendered":"<div class=\"wp-block-group alignfull has-accent-background-color has-background has-global-padding is-layout-constrained wp-container-core-group-is-layout-669513ed wp-block-group-is-layout-constrained\" style=\"margin-top:0;margin-bottom:0;padding-top:var(--wp--preset--spacing--50);padding-right:var(--wp--preset--spacing--50);padding-bottom:var(--wp--preset--spacing--50);padding-left:var(--wp--preset--spacing--50);background-image:url(&apos;http:\/\/columbianacaffe.com\/wp-content\/uploads\/2024\/06\/background.png&apos;);background-size:cover;\">\n<div class=\"wp-block-columns alignwide is-layout-flex wp-container-core-columns-is-layout-1da03c2a wp-block-columns-is-layout-flex\">\n<div class=\"wp-block-column is-vertically-aligned-center is-layout-flow wp-block-column-is-layout-flow\" style=\"flex-basis:30%\">\n<figure class=\"wp-block-video\"><video height=\"1280\" style=\"aspect-ratio: 720 \/ 1280;\" width=\"720\" controls src=\"http:\/\/columbianacaffe.com\/wp-content\/uploads\/2024\/06\/5.mp4\"><\/video><\/figure>\n<\/div>\n\n\n\n<div class=\"wp-block-column is-vertically-aligned-stretch is-layout-flow wp-block-column-is-layout-flow\" style=\"flex-basis:70%\">\n<div class=\"wp-block-group is-vertical is-content-justification-stretch is-layout-flex wp-container-core-group-is-layout-444d5ee8 wp-block-group-is-layout-flex\" style=\"min-height:100%\">\n<p class=\"has-heading-font-family\" style=\"font-size:clamp(0.984rem, 0.984rem + ((1vw - 0.2rem) * 0.86), 1.5rem);line-height:1.2\">Produkcja i sprzeda\u017c kawy sta\u0142y si\u0119 dla nas czym\u015b wi\u0119cej ni\u017c tylko biznesem \u2013 to nasza misja. Wspieramy lokalny rozw\u00f3j i zmieniamy otaczaj\u0105c\u0105 nas rzeczywisto\u015b\u0107 poprzez nasz\u0105 prac\u0119. Kolumbia, nasz ukochany dom, jest znana z ogromnych plantacji kawy, kt\u00f3re s\u0105 sercem naszej dzia\u0142alno\u015bci. Dla Kolumbijczyka kawa to co\u015b wi\u0119cej ni\u017c nap\u00f3j - to styl \u017cycia i symbol narodowego bogactwa. Kolumbia zajmuje trzecie miejsce na \u015bwiecie pod wzgl\u0119dem produkcji kawy, co nie jest przypadkiem. Unikalny klimat tego regionu umo\u017cliwia upraw\u0119 ziaren, kt\u00f3re po odpowiedniej obr\u00f3bce zachwycaj\u0105 niepowtarzalnym aromatem i bogatym smakiem. Nasza oferta obejmuje kawy z najwy\u017cszej p\u00f3\u0142ki, takie jak GEISHA i BOURBON, kt\u00f3re uznawane s\u0105 za elitarne na \u015bwiatowym rynku. Dzi\u0119ki pasji i zaanga\u017cowaniu, ka\u017cdy \u0142yk naszej kawy przenosi Ci\u0119 w podr\u00f3\u017c do serca Kolumbii, gdzie kawa jest prawdziwym skarbem. Do\u0142\u0105cz do nas i odkryj magi\u0119 kolumbijskiej kawy, kt\u00f3ra zmienia \u017cycie!<\/p>\n\n\n\n<div class=\"wp-block-group has-global-padding is-content-justification-left is-layout-constrained wp-container-core-group-is-layout-9fe8ed88 wp-block-group-is-layout-constrained\">\n<div class=\"wp-block-buttons is-layout-flex wp-block-buttons-is-layout-flex\">\n<div class=\"wp-block-button\"><a class=\"wp-block-button__link wp-element-button\">Sklep<\/a><\/div>\n<\/div>\n<\/div>\n<\/div>\n<\/div>\n<\/div>\n<\/div>","protected":false},"excerpt":{"rendered":"<p>Coffee production and sales have become more than just a business for us \u2013 it&#8217;s our mission. We support local development and change the reality around us through our work. Colombia, our beloved home, is known for its vast coffee plantations, which are the heart of our activity. For Colombians, coffee is more than just [&hellip;]<\/p>","protected":false},"author":1,"featured_media":0,"parent":0,"menu_order":0,"comment_status":"closed","ping_status":"closed","template":"","meta":{"footnotes":""},"class_list":["post-104","page","type-page","status-publish","hentry"],"_links":{"self":[{"href":"https:\/\/columbianacaffe.com\/pl\/wp-json\/wp\/v2\/pages\/104","targetHints":{"allow":["GET"]}}],"collection":[{"href":"https:\/\/columbianacaffe.com\/pl\/wp-json\/wp\/v2\/pages"}],"about":[{"href":"https:\/\/columbianacaffe.com\/pl\/wp-json\/wp\/v2\/types\/page"}],"author":[{"embeddable":true,"href":"https:\/\/columbianacaffe.com\/pl\/wp-json\/wp\/v2\/users\/1"}],"replies":[{"embeddable":true,"href":"https:\/\/columbianacaffe.com\/pl\/wp-json\/wp\/v2\/comments?post=104"}],"version-history":[{"count":11,"href":"https:\/\/columbianacaffe.com\/pl\/wp-json\/wp\/v2\/pages\/104\/revisions"}],"predecessor-version":[{"id":168,"href":"https:\/\/columbianacaffe.com\/pl\/wp-json\/wp\/v2\/pages\/104\/revisions\/168"}],"wp:attachment":[{"href":"https:\/\/columbianacaffe.com\/pl\/wp-json\/wp\/v2\/media?parent=104"}],"curies":[{"name":"wp","href":"https:\/\/api.w.org\/{rel}","templated":true}]}}